{"id":26537,"date":"2022-03-16T08:51:24","date_gmt":"2022-03-16T08:51:24","guid":{"rendered":"https:\/\/lasastreriadelasflores.com\/?post_type=product&#038;p=26537"},"modified":"2024-04-09T11:17:01","modified_gmt":"2024-04-09T11:17:01","slug":"cesto-de-flores-verde-rojo","status":"publish","type":"product","link":"https:\/\/lasastreriadelasflores.com\/?product=cesto-de-flores-verde-rojo","title":{"rendered":"Cesta de flores grande verde &#038; rojo"},"content":{"rendered":"<p class=\"p1\">Las flores de la foto son orientativas, pondremos las flores m\u00e1s bonitas que haya de temporada.<\/p>\n<p class=\"p1\">Los recipientes ser\u00e1n elegidos por La Sastrer\u00eda de las Flores seg\u00fan disponibilidad.<\/p>\n","protected":false},"excerpt":{"rendered":"<p class=\"p1\">Las flores de la foto son orientativas, pondremos las flores m\u00e1s bonitas que haya de temporada.<\/p>\n<p class=\"p1\">Los recipientes ser\u00e1n elegidos por La Sastrer\u00eda de las Flores seg\u00fan disponibilidad.<\/p>\n","protected":false},"featured_media":26949,"template":"","meta":[],"product_cat":[17],"product_tag":[218,458,137,491,488,413,480,484,174],"class_list":{"0":"post-26537","1":"product","2":"type-product","3":"status-publish","4":"has-post-thumbnail","6":"product_cat-flores","7":"product_tag-centro-de-flores","8":"product_tag-envio-de-flores","9":"product_tag-flores-madrid","10":"product_tag-flores-rojas","11":"product_tag-floristeria-madrid","12":"product_tag-la-sastreria-de-las-flores","13":"product_tag-ramo-de-flores","14":"product_tag-regalo-flores","15":"product_tag-rosas","17":"first","18":"instock","19":"taxable","20":"shipping-taxable","21":"purchasable","22":"product-type-simple"},"_links":{"self":[{"href":"https:\/\/lasastreriadelasflores.com\/index.php?rest_route=\/wp\/v2\/product\/26537"}],"collection":[{"href":"https:\/\/lasastreriadelasflores.com\/index.php?rest_route=\/wp\/v2\/product"}],"about":[{"href":"https:\/\/lasastreriadelasflores.com\/index.php?rest_route=\/wp\/v2\/types\/product"}],"wp:featuredmedia":[{"embeddable":true,"href":"https:\/\/lasastreriadelasflores.com\/index.php?rest_route=\/wp\/v2\/media\/26949"}],"wp:attachment":[{"href":"https:\/\/lasastreriadelasflores.com\/index.php?rest_route=%2Fwp%2Fv2%2Fmedia&parent=26537"}],"wp:term":[{"taxonomy":"product_cat","embeddable":true,"href":"https:\/\/lasastreriadelasflores.com\/index.php?rest_route=%2Fwp%2Fv2%2Fproduct_cat&post=26537"},{"taxonomy":"product_tag","embeddable":true,"href":"https:\/\/lasastreriadelasflores.com\/index.php?rest_route=%2Fwp%2Fv2%2Fproduct_tag&post=26537"}],"curies":[{"name":"wp","href":"https:\/\/api.w.org\/{rel}","templated":true}]}}