{"id":26529,"date":"2022-03-16T05:39:08","date_gmt":"2022-03-16T05:39:08","guid":{"rendered":"https:\/\/lasastreriadelasflores.com\/?post_type=product&#038;p=26529"},"modified":"2024-04-09T11:18:20","modified_gmt":"2024-04-09T11:18:20","slug":"centro-de-flores-de-temporada-s-m","status":"publish","type":"product","link":"https:\/\/lasastreriadelasflores.com\/?product=centro-de-flores-de-temporada-s-m","title":{"rendered":"Centro de flores tonos rosas S\/M A"},"content":{"rendered":"<p class=\"p1\">Las flores de la foto son orientativas, pondremos las flores m\u00e1s bonitas que haya de temporada.<\/p>\n<p class=\"p1\">Los recipientes ser\u00e1n elegidos por La Sastrer\u00eda de las Flores seg\u00fan disponibilidad.<\/p>\n","protected":false},"excerpt":{"rendered":"<p class=\"p1\">Las flores de la foto son orientativas, pondremos las flores m\u00e1s bonitas que haya de temporada.<\/p>\n<p class=\"p1\">Los recipientes ser\u00e1n elegidos por La Sastrer\u00eda de las Flores seg\u00fan disponibilidad.<\/p>\n","protected":false},"featured_media":26969,"template":"","meta":[],"product_cat":[17],"product_tag":[218,458,137,489,488,413,480,484],"class_list":{"0":"post-26529","1":"product","2":"type-product","3":"status-publish","4":"has-post-thumbnail","6":"product_cat-flores","7":"product_tag-centro-de-flores","8":"product_tag-envio-de-flores","9":"product_tag-flores-madrid","10":"product_tag-flores-rosas","11":"product_tag-floristeria-madrid","12":"product_tag-la-sastreria-de-las-flores","13":"product_tag-ramo-de-flores","14":"product_tag-regalo-flores","16":"first","17":"instock","18":"taxable","19":"shipping-taxable","20":"purchasable","21":"product-type-simple"},"_links":{"self":[{"href":"https:\/\/lasastreriadelasflores.com\/index.php?rest_route=\/wp\/v2\/product\/26529"}],"collection":[{"href":"https:\/\/lasastreriadelasflores.com\/index.php?rest_route=\/wp\/v2\/product"}],"about":[{"href":"https:\/\/lasastreriadelasflores.com\/index.php?rest_route=\/wp\/v2\/types\/product"}],"wp:featuredmedia":[{"embeddable":true,"href":"https:\/\/lasastreriadelasflores.com\/index.php?rest_route=\/wp\/v2\/media\/26969"}],"wp:attachment":[{"href":"https:\/\/lasastreriadelasflores.com\/index.php?rest_route=%2Fwp%2Fv2%2Fmedia&parent=26529"}],"wp:term":[{"taxonomy":"product_cat","embeddable":true,"href":"https:\/\/lasastreriadelasflores.com\/index.php?rest_route=%2Fwp%2Fv2%2Fproduct_cat&post=26529"},{"taxonomy":"product_tag","embeddable":true,"href":"https:\/\/lasastreriadelasflores.com\/index.php?rest_route=%2Fwp%2Fv2%2Fproduct_tag&post=26529"}],"curies":[{"name":"wp","href":"https:\/\/api.w.org\/{rel}","templated":true}]}}