{"id":26498,"date":"2022-03-16T04:52:20","date_gmt":"2022-03-16T04:52:20","guid":{"rendered":"https:\/\/lasastreriadelasflores.com\/?post_type=product&#038;p=26498"},"modified":"2024-04-09T11:32:22","modified_gmt":"2024-04-09T11:32:22","slug":"copa-con-flores-de-temporada-s-m","status":"publish","type":"product","link":"https:\/\/lasastreriadelasflores.com\/?product=copa-con-flores-de-temporada-s-m","title":{"rendered":"Copa de flores S\/M"},"content":{"rendered":"<p class=\"p1\">Las flores de la foto son orientativas, pondremos las flores m\u00e1s bonitas que haya de temporada.<\/p>\n<p class=\"p1\">Los recipientes ser\u00e1n elegidos por La Sastrer\u00eda de las Flores seg\u00fan disponibilidad.<\/p>\n","protected":false},"excerpt":{"rendered":"<p class=\"p1\">Las flores de la foto son orientativas, pondremos las flores m\u00e1s bonitas que haya de temporada.<\/p>\n<p class=\"p1\">Los recipientes ser\u00e1n elegidos por La Sastrer\u00eda de las Flores seg\u00fan disponibilidad.<\/p>\n","protected":false},"featured_media":26971,"template":"","meta":[],"product_cat":[17],"product_tag":[218,458,137,488,413,480,484],"class_list":{"0":"post-26498","1":"product","2":"type-product","3":"status-publish","4":"has-post-thumbnail","6":"product_cat-flores","7":"product_tag-centro-de-flores","8":"product_tag-envio-de-flores","9":"product_tag-flores-madrid","10":"product_tag-floristeria-madrid","11":"product_tag-la-sastreria-de-las-flores","12":"product_tag-ramo-de-flores","13":"product_tag-regalo-flores","15":"first","16":"instock","17":"taxable","18":"shipping-taxable","19":"purchasable","20":"product-type-simple"},"_links":{"self":[{"href":"https:\/\/lasastreriadelasflores.com\/index.php?rest_route=\/wp\/v2\/product\/26498"}],"collection":[{"href":"https:\/\/lasastreriadelasflores.com\/index.php?rest_route=\/wp\/v2\/product"}],"about":[{"href":"https:\/\/lasastreriadelasflores.com\/index.php?rest_route=\/wp\/v2\/types\/product"}],"wp:featuredmedia":[{"embeddable":true,"href":"https:\/\/lasastreriadelasflores.com\/index.php?rest_route=\/wp\/v2\/media\/26971"}],"wp:attachment":[{"href":"https:\/\/lasastreriadelasflores.com\/index.php?rest_route=%2Fwp%2Fv2%2Fmedia&parent=26498"}],"wp:term":[{"taxonomy":"product_cat","embeddable":true,"href":"https:\/\/lasastreriadelasflores.com\/index.php?rest_route=%2Fwp%2Fv2%2Fproduct_cat&post=26498"},{"taxonomy":"product_tag","embeddable":true,"href":"https:\/\/lasastreriadelasflores.com\/index.php?rest_route=%2Fwp%2Fv2%2Fproduct_tag&post=26498"}],"curies":[{"name":"wp","href":"https:\/\/api.w.org\/{rel}","templated":true}]}}