{"id":24582,"date":"2019-02-06T12:30:25","date_gmt":"2019-02-06T12:30:25","guid":{"rendered":"https:\/\/lasastreriadelasflores.com\/?post_type=product&#038;p=24582"},"modified":"2024-04-09T11:34:34","modified_gmt":"2024-04-09T11:34:34","slug":"copa-cristal-rosas-rojas","status":"publish","type":"product","link":"https:\/\/lasastreriadelasflores.com\/?product=copa-cristal-rosas-rojas","title":{"rendered":"Centro de rosas rojas"},"content":{"rendered":"<p>Elegante copa de cristal con rosas rojas y verdes de temporada.<\/p>\n<p class=\"p1\">Los recipientes ser\u00e1n elegidos por La Sastrer\u00eda de las Flores seg\u00fan disponibilidad.<\/p>\n","protected":false},"excerpt":{"rendered":"<p>Elegante copa de cristal con rosas rojas y verdes de temporada.<\/p>\n<p class=\"p1\">Los recipientes ser\u00e1n elegidos por La Sastrer\u00eda de las Flores seg\u00fan disponibilidad.<\/p>\n","protected":false},"featured_media":26963,"template":"","meta":[],"product_cat":[17],"product_tag":[218,458,137,488,413,480,484,174,172],"class_list":{"0":"post-24582","1":"product","2":"type-product","3":"status-publish","4":"has-post-thumbnail","6":"product_cat-flores","7":"product_tag-centro-de-flores","8":"product_tag-envio-de-flores","9":"product_tag-flores-madrid","10":"product_tag-floristeria-madrid","11":"product_tag-la-sastreria-de-las-flores","12":"product_tag-ramo-de-flores","13":"product_tag-regalo-flores","14":"product_tag-rosas","15":"product_tag-rosas-rojas","17":"first","18":"instock","19":"taxable","20":"shipping-taxable","21":"purchasable","22":"product-type-simple"},"_links":{"self":[{"href":"https:\/\/lasastreriadelasflores.com\/index.php?rest_route=\/wp\/v2\/product\/24582"}],"collection":[{"href":"https:\/\/lasastreriadelasflores.com\/index.php?rest_route=\/wp\/v2\/product"}],"about":[{"href":"https:\/\/lasastreriadelasflores.com\/index.php?rest_route=\/wp\/v2\/types\/product"}],"wp:featuredmedia":[{"embeddable":true,"href":"https:\/\/lasastreriadelasflores.com\/index.php?rest_route=\/wp\/v2\/media\/26963"}],"wp:attachment":[{"href":"https:\/\/lasastreriadelasflores.com\/index.php?rest_route=%2Fwp%2Fv2%2Fmedia&parent=24582"}],"wp:term":[{"taxonomy":"product_cat","embeddable":true,"href":"https:\/\/lasastreriadelasflores.com\/index.php?rest_route=%2Fwp%2Fv2%2Fproduct_cat&post=24582"},{"taxonomy":"product_tag","embeddable":true,"href":"https:\/\/lasastreriadelasflores.com\/index.php?rest_route=%2Fwp%2Fv2%2Fproduct_tag&post=24582"}],"curies":[{"name":"wp","href":"https:\/\/api.w.org\/{rel}","templated":true}]}}