{"id":23669,"date":"2018-02-14T14:50:51","date_gmt":"2018-02-14T14:50:51","guid":{"rendered":"http:\/\/w-lasastreria.local\/?page_id=23669"},"modified":"2022-01-31T08:09:23","modified_gmt":"2022-01-31T08:09:23","slug":"politica-de-privacidad-y-cookies","status":"publish","type":"page","link":"https:\/\/lasastreriadelasflores.com\/?page_id=23669","title":{"rendered":"Privacidad y cookies"},"content":{"rendered":"<p><strong>RECOGIDA DE DATOS DE CAR\u00c1CTER PERSONAL<\/strong><\/p>\n<p>De conformidad con lo dispuesto en la LOPD y su normativa de desarrollo, La Sastrer\u00eda de las Flores informa a los usuarios de que los datos que faciliten a trav\u00e9s del Sitio Web ser\u00e1n incorporados a un fichero automatizado debidamente inscrito ante la Agencia Espa\u00f1ola de Protecci\u00f3n de Datos del que es responsable La Sastrer\u00eda de las Flores. Dichos datos ser\u00e1n tratados con la finalidad de gestionar las relaciones con los usuarios del Sitio Web. Estos datos personales tambi\u00e9n podr\u00e1n ser tratados con la finalidad de generar perfiles de usuario y remitirles, por v\u00eda electr\u00f3nica, postal y telef\u00f3nica (incluyendo alertas por SMS, u otros medios de mensajer\u00eda an\u00e1logos) informaci\u00f3n comercial personalizada que pueda resultar de su inter\u00e9s sobre los productos o servicios relacionados con los ofrecidos por La Sastrer\u00eda de las Flores siempre y cuando hayan prestado previamente su consentimiento, as\u00ed como participar en encuestas de satisfacci\u00f3n.<\/p>\n<p>Los datos personales recogidos a trav\u00e9s del Sitio Web no ser\u00e1n objeto de cesi\u00f3n a ning\u00fan tercero, salvo en los casos concretos en que dicha cesi\u00f3n se encuentre amparada por la LOPD y \u00fanicamente podr\u00e1n ser accedidos por el personal de La Sastrer\u00eda de las Flores, as\u00ed como por aquellos terceros que presten servicios a La Sastrer\u00eda de las Flores relacionados con las finalidades antedichas. Los usuarios deber\u00e1n notificar a La Sastrer\u00eda de las Flores cualquier modificaci\u00f3n que se produzca en los datos facilitados, respondiendo en cualquier caso de la veracidad y exactitud de los datos suministrados en cada momento. La Sastrer\u00eda de las Flores procurar\u00e1 comprobar diligentemente la veracidad de dichos datos, reserv\u00e1ndose, en su caso y sin perjuicio de otras acciones que pudieran corresponderle, el derecho a no registrar o a dar de baja a aquellos usuarios que faciliten datos falsos o incompletos. Dicha verificaci\u00f3n previa no implica en ning\u00fan caso la asunci\u00f3n por La Sastrer\u00eda de las Flores de responsabilidad alguna por los da\u00f1os o perjuicios que pudieran derivarse de la falsedad o inexactitud de los datos suministrados, de las que responder\u00e1 \u00fanicamente el usuario.<\/p>\n<p>La Sastrer\u00eda de las Flores garantiza que han adoptado los niveles de seguridad de protecci\u00f3n de los datos personales legalmente requeridos, y ha instalado todos los medios y medidas de \u00edndole t\u00e9cnica, personal y organizativa a su alcance para garantizar la confidencialidad, integridad y calidad de la informaci\u00f3n, as\u00ed como para evitar la p\u00e9rdida, mal uso, alteraci\u00f3n, acceso no autorizado y robo de los datos personales facilitados.<\/p>\n<p><strong>PROTECCI\u00d3N DE DATOS. DERECHOS DE LOS USUARIOS<\/strong><\/p>\n<p>La Sastrer\u00eda de las Flores, propietaria de la web www.lasastreriadelasflores.com, cumple la normativa vigente respecto a la protecci\u00f3n de datos, en particular la Ley Org\u00e1nica 15\/1999, de 13 de diciembre, de Protecci\u00f3n de Datos de Car\u00e1cter Personal y el Real Decreto 1720\/2007, de 21 de diciembre, por el que se aprueba el Reglamento de desarrollo de la citada Ley Org\u00e1nica.<\/p>\n<p>lasastreriadelasflores.com pone a disposici\u00f3n de los usuarios los medios de contacto necesarios para que estos ejerzan los derechos de acceso, rectificaci\u00f3n y cancelaci\u00f3n garantizados por la legislaci\u00f3n vigente a trav\u00e9s del e-mail hola@lasastreriadelasflores.com o comunicaci\u00f3n escrita dirigida a:<\/p>\n<p>Madrid, calle Mantuano, 40, 28002 Madrid, debidamente firmada, acompa\u00f1ada de fotocopia del DNI y con la referencia \u201cProtecci\u00f3n de datos personales.<\/p>\n<p><strong>POL\u00cdTICA DE COOKIES<\/strong><\/p>\n<p>C\u00f3mo utiliza La Sastrer\u00eda de las Flores las cookies:<\/p>\n<p>La Sastrer\u00eda de las Flores utiliza cookies u otros dispositivos de almacenamiento y recuperaci\u00f3n de informaci\u00f3n para realizar un seguimiento de las interacciones de los usuarios con los productos de La Sastrer\u00eda de las Flores.<\/p>\n<p>Las cookies permiten reconocer el navegador de un usuario, as\u00ed como el tipo de dispositivo desde el que se accede al sitio web, y se utilizan para facilitar la pr\u00f3xima visita del usuario y hacer que el sitio web o las aplicaciones resulten m\u00e1s \u00fatiles.<\/p>\n<p>Tipos de cookies utilizadas por La Sastrer\u00eda de las Flores:<\/p>\n<p>Los sitios web propiedad de La Sastrer\u00eda de las Flores utiliza los siguientes tipos de cookies:<\/p>\n<p>\u2022 Cookies de preferencias o personalizaci\u00f3n: Permiten al usuario acceder al servicio con algunas caracter\u00edsticas de car\u00e1cter general predefinidas en funci\u00f3n de una serie de criterios en el terminal del usuario (idioma, tipo de navegador, configuraci\u00f3n regional, etc.).<\/p>\n<p>\u2022 Cookies t\u00e9cnicas: Son aqu\u00e9llas que permiten al usuario la navegaci\u00f3n a trav\u00e9s de una p\u00e1gina web, plataforma, o aplicaci\u00f3n y la utilizaci\u00f3n de las diferentes opciones o servicios que en ella existan como, por ejemplo, controlar el tr\u00e1fico de la comunicaci\u00f3n de datos, identificar la sesi\u00f3n, acceder a partes de acceso restringido, realizar el proceso de compra de un pedido, realizar la solicitud de inscripci\u00f3n o participaci\u00f3n en un evento, utilizar elementos de seguridad durante la navegaci\u00f3n o compartir contenidos a trav\u00e9s de redes sociales.<\/p>\n<p>\u2022 Cookies de Sesi\u00f3n: Permiten al sitio web reconocer la informaci\u00f3n almacenada durante la sesi\u00f3n del usuario para evitar que el sitio web realice solicitudes de informaci\u00f3n ya facilitadas, de forma que no se pedir\u00e1 la informaci\u00f3n dada anteriormente.<\/p>\n<p>\u00b7 Cookies anal\u00edticas: Cuando el usuario se introduce en el sitio web, a trav\u00e9s de esta herramienta, se recopila informaci\u00f3n an\u00f3nima de manera est\u00e1ndar sobre la navegaci\u00f3n del usuario y sus patrones de comportamiento.<\/p>\n<p>Google Analytics habilita en el dominio del sitio web las cookies denominadas:<\/p>\n<p>\u2022 \u201c__utma\u201d: es necesaria para el funcionamiento de Google Analytics y tiene un per\u00edodo de caducidad de 2 a\u00f1os.<\/p>\n<p>\u2022 \u201c__utmz\u201d: es utilizada para realizar la ubicaci\u00f3n de la visita, es decir, desde d\u00f3nde y c\u00f3mo ha llegado el usuario a nuestra web y caduca a los 6 meses.<\/p>\n<p>\u2022 \u201c_utmb\u201d: Esta cookie registra la hora de llegada a la p\u00e1gina y caduca a los 30 minutos del \u00faltimo registro de p\u00e1gina vista. Se elimina autom\u00e1ticamente al cambiar de web o al cerrar el navegador.<\/p>\n<p>\u2022 \u201c_utmc\u201d: El c\u00f3digo javascript actual que utiliza Google Analytics no requiere esta cookie. Antes esta cookie se utilizaba junto con la cookie _utmb para determinar si transcurridos m\u00e1s de 30 minutos en la misma p\u00e1gina, proced\u00eda o no establecer una nueva sesi\u00f3n para el usuario. Esta cookie se sigue escribiendo para asegurar la compatibilidad con las webs donde est\u00e1 instalado el antiguo c\u00f3digo de seguimiento urchin.js.<\/p>\n<p>Para obtener m\u00e1s informaci\u00f3n acerca de Google Analytics puede dirigirse al siguiente enlace: http:\/\/goo.gl\/KxpaZ<\/p>\n<p>C\u00f3mo desactivar la configuraci\u00f3n de las cookies:<\/p>\n<p>Todos los navegadores permiten hacer cambios para desactivar la configuraci\u00f3n de las cookies. Este es el motivo por el que la mayor\u00eda de navegadores ofrecen la posibilidad de administrar las cookies, para obtener un control m\u00e1s preciso sobre la privacidad.<\/p>\n<p>Estos ajustes se encuentran ubicados en las \u201copciones\u201d o \u201cpreferencias\u201d del men\u00fa de su navegador. A continuaci\u00f3n podr\u00e1s encontrar los links de cada navegador para deshabilitar las cookies siguiendo las instrucciones:<\/p>\n<p>\u2022 Internet Explorer (http:\/\/goo.gl\/ksN5y)<\/p>\n<p>En el men\u00fa de herramientas, selecciona \u201cOpciones de Internet\u201d. Haz clic en la pesta\u00f1a de privacidad. Ver\u00e1s un cursor de desplazamiento para configurar la privacidad que tiene seis posiciones que te permite controlar la cantidad de cookies que se instalar\u00e1n: Bloquear todas las cookies, Alta, Media Alto, Media (nivel por defecto), Baja, y Aceptar todas las cookies.<\/p>\n<p>\u2022 Mozilla Firefox (http:\/\/goo.gl\/F5pHX)<\/p>\n<p>En el men\u00fa de herramientas, selecciona \u201copciones\u201d. Selecciona la etiqueta de privacidad en el recuadro de opciones. Del men\u00fa desplegable elige \u201cusar configuraci\u00f3n personalizada para el historial\u201d. Esto mostrar\u00e1 las opciones de cookies y podr\u00e1s optar por activarlas o desactivarlas marcando la casilla correspondiente.<\/p>\n<p>\u2022 Google Chrome (http:\/\/goo.gl\/8cAo)<\/p>\n<p>En el men\u00fa de configuraci\u00f3n, selecciona \u201cmostrar configuraci\u00f3n avanzada\u201d en la parte inferior de la p\u00e1gina. Selecciona la tecla de \u201cconfiguraci\u00f3n de contenido\u201d en la secci\u00f3n de privacidad. La secci\u00f3n de la parte superior de la p\u00e1gina que aparece te da informaci\u00f3n sobre las cookies y te permite fijar las cookies que prefiera. Tambi\u00e9n te permite borrar cualquier cookie que tengas almacenada en ese momento.<\/p>\n<p>\u2022 Safari (http:\/\/goo.gl\/KFBFh)<\/p>\n<p>En el men\u00fa de configuraci\u00f3n, selecciona la opci\u00f3n de \u201cpreferencias\u201d. Abre la pesta\u00f1a de privacidad. Selecciona la opci\u00f3n que quieras de la secci\u00f3n de \u201cbloquear cookies\u201d. Recuerda que ciertas funciones y la plena funcionalidad del Sitio web pueden no estar disponibles despu\u00e9s de deshabilitar los cookies.<\/p>\n<p>Si desea no ser rastreado por las cookies, Google ha desarrollado un complemento para instalar en su navegador al que puede acceder en el siguiente enlace: http:\/\/goo.gl\/up4ND<\/p>\n<p>A partir de la opci\u00f3n que tomes acerca del uso de cookies en los sitios web, se te enviar\u00e1 una cookie adicional para salvaguardar su elecci\u00f3n y que no tengas que aceptar el uso de cookies cada vez que acceda a www.lasastreriadelasflores.com<\/p>\n<p>Cookies en los dispositivos m\u00f3viles:<\/p>\n<p>La Sastrer\u00eda de las Flores tambi\u00e9n usa cookies u otros dispositivos de almacenamiento en dispositivos m\u00f3viles. Al igual que sucede en los navegadores de ordenadores, lo navegadores de los dispositivos m\u00f3viles permiten realizar cambios en las opciones o ajustes de privacidad para desactivar o eliminar las cookies.<\/p>\n<p>Si deseas modificar las opciones de privacidad siga las instrucciones especificadas por el desarrollador de tu navegador para dispositivo m\u00f3vil.<\/p>\n<p>A continuaci\u00f3n podr\u00e1s encontrar algunos ejemplos de los links que te guiar\u00e1n para modificar las opciones de privacidad en tu dispositivo m\u00f3vil:<\/p>\n<p>\u2022 IOS: (http:\/\/goo.gl\/pRkla)<\/p>\n<p>\u2022 Windows Phone: (http:\/\/goo.gl\/Rx8QQ)<\/p>\n<p>\u2022 Chrome Mobile: (http:\/\/goo.gl\/XJp7N)<\/p>\n<p>\u2022 Opera Mobile: (http:\/\/goo.gl\/XvmTG)<\/p>\n<p>MODIFICACIONES DE LA POL\u00cdTICA DE PRIVACIDAD<\/p>\n<p>La Sastrer\u00eda de las Flores se reserva el derecho a modificar esta Pol\u00edtica de Privacidad de acuerdo con la legislaci\u00f3n aplicable en cada momento. Por ello, le recomendamos que revise peri\u00f3dicamente esta Pol\u00edtica de Privacidad para estar informado de c\u00f3mo se tratan y protegen los datos personales que nos facilita.<\/p>\n<p>&nbsp;<\/p>\n<p>&nbsp;<\/p>\n","protected":false},"excerpt":{"rendered":"<p>RECOGIDA DE DATOS DE CAR\u00c1CTER PERSONAL De conformidad con lo dispuesto en la LOPD y su normativa de desarrollo, La Sastrer\u00eda de las Flores informa a los usuarios de que los datos que faciliten a trav\u00e9s del Sitio Web ser\u00e1n incorporados a un fichero automatizado debidamente inscrito ante la Agencia Espa\u00f1ola de Protecci\u00f3n de Datos [&hellip;]<\/p>\n","protected":false},"author":1,"featured_media":0,"parent":0,"menu_order":0,"comment_status":"closed","ping_status":"closed","template":"","meta":{"footnotes":""},"class_list":["post-23669","page","type-page","status-publish","hentry"],"_links":{"self":[{"href":"https:\/\/lasastreriadelasflores.com\/index.php?rest_route=\/wp\/v2\/pages\/23669"}],"collection":[{"href":"https:\/\/lasastreriadelasflores.com\/index.php?rest_route=\/wp\/v2\/pages"}],"about":[{"href":"https:\/\/lasastreriadelasflores.com\/index.php?rest_route=\/wp\/v2\/types\/page"}],"author":[{"embeddable":true,"href":"https:\/\/lasastreriadelasflores.com\/index.php?rest_route=\/wp\/v2\/users\/1"}],"replies":[{"embeddable":true,"href":"https:\/\/lasastreriadelasflores.com\/index.php?rest_route=%2Fwp%2Fv2%2Fcomments&post=23669"}],"version-history":[{"count":7,"href":"https:\/\/lasastreriadelasflores.com\/index.php?rest_route=\/wp\/v2\/pages\/23669\/revisions"}],"predecessor-version":[{"id":26332,"href":"https:\/\/lasastreriadelasflores.com\/index.php?rest_route=\/wp\/v2\/pages\/23669\/revisions\/26332"}],"wp:attachment":[{"href":"https:\/\/lasastreriadelasflores.com\/index.php?rest_route=%2Fwp%2Fv2%2Fmedia&parent=23669"}],"curies":[{"name":"wp","href":"https:\/\/api.w.org\/{rel}","templated":true}]}}