{"id":23665,"date":"2018-02-14T14:50:20","date_gmt":"2018-02-14T14:50:20","guid":{"rendered":"http:\/\/w-lasastreria.local\/?page_id=23665"},"modified":"2022-01-31T08:03:52","modified_gmt":"2022-01-31T08:03:52","slug":"aviso-legal","status":"publish","type":"page","link":"https:\/\/lasastreriadelasflores.com\/?page_id=23665","title":{"rendered":"Aviso legal"},"content":{"rendered":"<p>La Sastrer\u00eda de las Flores, domiciliada en Madrid, calle Mantuano, 40, 28002, es la titular del sitio web ubicado en el nombre de dominio www.lasastreriadelasflores.com (\u201cSitio Web\u201d).<\/p>\n<p>Todos los productos que se ofertan en www.lasastreriadelasflores.com son vendidos directamente por La Sastrer\u00eda de las Flores, as\u00ed como todos los elementos que la componen, es propiedad exclusiva de La Sastrer\u00eda de las Flores.<\/p>\n<p>Datos identificativos:<br \/>\nNombre del dominio: www.lasastreriadelasflores.com<br \/>\nNombre comercial: La Sastrer\u00eda de las Flores<br \/>\nDenominaci\u00f3n social: Irene Ruiz Serrano<br \/>\nNIF: 51409775Z<br \/>\nEmail: hola@lasastreriadelasflores.com<\/p>\n<p>Las marcas y nombres de dominio que aparecen en la p\u00e1gina web www.lasastreriadelasflores.com son propiedad exclusiva de La Sastrer\u00eda de las Flores. Cualquier reproducci\u00f3n o utilizaci\u00f3n no autorizada de estas marcas o nombres de dominio, sin perjuicio de la forma o de intenci\u00f3n que adopten, est\u00e1 totalmente prohibida.<\/p>\n<p>La presente Pol\u00edtica de Privacidad s\u00f3lo es aplicable al Sitio Web, entendiendo como tal todas las p\u00e1ginas y subp\u00e1ginas incluidas en el mismo, declinando La Sastrer\u00eda de las Flores cualquier responsabilidad sobre las diferentes pol\u00edticas de privacidad y protecci\u00f3n de datos de car\u00e1cter personal que puedan contener las p\u00e1ginas web a las cuales pueda accederse a trav\u00e9s de los hiperv\u00ednculos ubicados en este Sitio Web y no gestionadas directamente por La Sastrer\u00eda de las Flores.<\/p>\n<p>Esta pol\u00edtica se ha configurado respetando escrupulosamente la normativa vigente en materia de protecci\u00f3n de datos personales, esto es, entre otras, la Ley Org\u00e1nica 15\/1999, de 13 de Diciembre, de Protecci\u00f3n de Datos de car\u00e1cter personal (la \u201cLOPD\u201d) y el Real Decreto 1720\/2007, de 21 de diciembre, que aprueba el Reglamento de desarrollo de la LOPD.<\/p>\n<p>&nbsp;<\/p>\n<p>&nbsp;<\/p>\n","protected":false},"excerpt":{"rendered":"<p>La Sastrer\u00eda de las Flores, domiciliada en Madrid, calle Mantuano, 40, 28002, es la titular del sitio web ubicado en el nombre de dominio www.lasastreriadelasflores.com (\u201cSitio Web\u201d). Todos los productos que se ofertan en www.lasastreriadelasflores.com son vendidos directamente por La Sastrer\u00eda de las Flores, as\u00ed como todos los elementos que la componen, es propiedad exclusiva [&hellip;]<\/p>\n","protected":false},"author":1,"featured_media":0,"parent":0,"menu_order":0,"comment_status":"closed","ping_status":"closed","template":"","meta":{"footnotes":""},"class_list":["post-23665","page","type-page","status-publish","hentry"],"_links":{"self":[{"href":"https:\/\/lasastreriadelasflores.com\/index.php?rest_route=\/wp\/v2\/pages\/23665"}],"collection":[{"href":"https:\/\/lasastreriadelasflores.com\/index.php?rest_route=\/wp\/v2\/pages"}],"about":[{"href":"https:\/\/lasastreriadelasflores.com\/index.php?rest_route=\/wp\/v2\/types\/page"}],"author":[{"embeddable":true,"href":"https:\/\/lasastreriadelasflores.com\/index.php?rest_route=\/wp\/v2\/users\/1"}],"replies":[{"embeddable":true,"href":"https:\/\/lasastreriadelasflores.com\/index.php?rest_route=%2Fwp%2Fv2%2Fcomments&post=23665"}],"version-history":[{"count":10,"href":"https:\/\/lasastreriadelasflores.com\/index.php?rest_route=\/wp\/v2\/pages\/23665\/revisions"}],"predecessor-version":[{"id":26331,"href":"https:\/\/lasastreriadelasflores.com\/index.php?rest_route=\/wp\/v2\/pages\/23665\/revisions\/26331"}],"wp:attachment":[{"href":"https:\/\/lasastreriadelasflores.com\/index.php?rest_route=%2Fwp%2Fv2%2Fmedia&parent=23665"}],"curies":[{"name":"wp","href":"https:\/\/api.w.org\/{rel}","templated":true}]}}